{"id":6,"date":"2020-08-21T17:29:42","date_gmt":"2020-08-21T15:29:42","guid":{"rendered":"http:\/\/mnmawartosc.skgd.pl\/news\/?page_id=6"},"modified":"2020-08-21T19:15:47","modified_gmt":"2020-08-21T17:15:47","slug":"nowe-muzeum-sztuki-nowoczesnej-otwarlo-swoje-powoje","status":"publish","type":"page","link":"http:\/\/mnmawartosc.skgd.pl\/news\/de\/","title":{"rendered":"Mniejszo\u015b\u0107 Niemiecka ma warto\u015b\u0107"},"content":{"rendered":"<ul class=\"wp-block-latest-posts wp-block-latest-posts__list has-dates\"><li><div class=\"wp-block-latest-posts__featured-image alignleft\"><img width=\"150\" height=\"150\" src=\"http:\/\/mnmawartosc.skgd.pl\/news\/wp-content\/uploads\/2022\/01\/WhatsApp-Image-2021-12-29-at-23.29.23-150x150.jpeg\" class=\"attachment-thumbnail size-thumbnail wp-post-image\" alt=\"\" loading=\"lazy\" style=\"max-width:150px;max-height:150px;\" \/><\/div><a href=\"http:\/\/mnmawartosc.skgd.pl\/news\/de\/2022\/01\/24\/organizujcie-imprezy-wywiad-z-autorem-piosenki-schlesische-band-andreasem-frei\/\">Organisiert Feste! Interview mit dem Author des Liedes &#8222;Schlesische Band&#8220;  Andreas Frei<\/a><time datetime=\"2022-01-24T20:54:24+00:00\" class=\"wp-block-latest-posts__post-date\">Montag, der 24. Januar 2022<\/time><div class=\"wp-block-latest-posts__post-excerpt\">Organisiert Feste! Joanna Hassa sprach mit Andreas Frei, dem Musiker aus der Band F\u00e4aschtb\u00e4nkler, der ein eigenes Ton Studio Namens FreeRecords hat und das Lied \u201eSchlesische Band\u201c f\u00fcr die Sozial-Kulturelle Gesellschaft der Deutschen im Oppelner Schlesien geschrieben hat. Das Lied, gesungen von Zuzanna Herud, wird in der Deutschen Minderheit gerade gefeiert. Joanna Hassa: Seit wann [&hellip;]<\/div><\/li>\n<li><div class=\"wp-block-latest-posts__featured-image alignleft\"><img width=\"150\" height=\"150\" src=\"http:\/\/mnmawartosc.skgd.pl\/news\/wp-content\/uploads\/2020\/08\/mnma-150x150.jpg\" class=\"attachment-thumbnail size-thumbnail wp-post-image\" alt=\"\" loading=\"lazy\" style=\"max-width:150px;max-height:150px;\" \/><\/div><a href=\"http:\/\/mnmawartosc.skgd.pl\/news\/de\/2020\/08\/21\/witaj-swiecie\/\">Wystawa &#8222;Mniejszo\u015b\u0107 Niemiecka ma warto\u015b\u0107&#8220; w muzeum<\/a><time datetime=\"2020-08-21T17:23:14+00:00\" class=\"wp-block-latest-posts__post-date\">Freitag, der 21. August 2020<\/time><div class=\"wp-block-latest-posts__post-excerpt\">(Polski) Wystawa zawiera 18 plansz, na kt\u00f3re sk\u0142adaj\u0105 si\u0119 zdj\u0119cia zesz\u0142orocznych bohater\u00f3w kampanii<\/div><\/li>\n<li><div class=\"wp-block-latest-posts__featured-image alignleft\"><img width=\"150\" height=\"150\" src=\"http:\/\/mnmawartosc.skgd.pl\/news\/wp-content\/uploads\/2021\/02\/55A5683-150x150.jpg\" class=\"attachment-thumbnail size-thumbnail wp-post-image\" alt=\"\" loading=\"lazy\" style=\"max-width:150px;max-height:150px;\" srcset=\"http:\/\/mnmawartosc.skgd.pl\/news\/wp-content\/uploads\/2021\/02\/55A5683-150x150.jpg 150w, http:\/\/mnmawartosc.skgd.pl\/news\/wp-content\/uploads\/2021\/02\/55A5683-300x300.jpg 300w, http:\/\/mnmawartosc.skgd.pl\/news\/wp-content\/uploads\/2021\/02\/55A5683-1024x1024.jpg 1024w, http:\/\/mnmawartosc.skgd.pl\/news\/wp-content\/uploads\/2021\/02\/55A5683-768x768.jpg 768w, http:\/\/mnmawartosc.skgd.pl\/news\/wp-content\/uploads\/2021\/02\/55A5683-1536x1536.jpg 1536w, http:\/\/mnmawartosc.skgd.pl\/news\/wp-content\/uploads\/2021\/02\/55A5683-2048x2048.jpg 2048w, http:\/\/mnmawartosc.skgd.pl\/news\/wp-content\/uploads\/2021\/02\/55A5683-1200x1200.jpg 1200w, http:\/\/mnmawartosc.skgd.pl\/news\/wp-content\/uploads\/2021\/02\/55A5683-1980x1980.jpg 1980w\" sizes=\"(max-width: 150px) 100vw, 150px\" \/><\/div><a href=\"http:\/\/mnmawartosc.skgd.pl\/news\/de\/2020\/08\/12\/wywiad-z-przewodniczacym-tskn-rafalem-bartkiem\/\">Interview mit SKGD-Vorsitzenden Rafa\u0142 Bartek<\/a><time datetime=\"2020-08-12T13:21:36+00:00\" class=\"wp-block-latest-posts__post-date\">Mittwoch, der 12. August 2020<\/time><div class=\"wp-block-latest-posts__post-excerpt\">Mit Rafa\u0142 Bartek, dem Vorsitzenden der Sozial-Kulturellen Gesellschaft der Deutschen im Oppelner Schlesien sprach Joanna Hassa &#8211; Wie sprechen Sie mit Ihren Kindern zu Hause? &#8211; Deutsch. &#8211; Was ist der Grund daf\u00fcr? &#8211; Ich wei\u00df, wie viel es mir und auch meiner Frau bedeutet und welche Rolle es in unserem Leben spielt, dass wir [&hellip;]<\/div><\/li>\n<li><div class=\"wp-block-latest-posts__featured-image alignleft\"><img width=\"150\" height=\"150\" src=\"http:\/\/mnmawartosc.skgd.pl\/news\/wp-content\/uploads\/2021\/02\/portret-150x150.jpg\" class=\"attachment-thumbnail size-thumbnail wp-post-image\" alt=\"\" loading=\"lazy\" style=\"max-width:150px;max-height:150px;\" \/><\/div><a href=\"http:\/\/mnmawartosc.skgd.pl\/news\/de\/2020\/07\/12\/rozmowa-z-magdalena-lemanczyk\/\">Gespr\u00e4ch mit Magdalena Lema\u0144czyk<\/a><time datetime=\"2020-07-12T13:39:28+00:00\" class=\"wp-block-latest-posts__post-date\">Sonntag, der 12. Juli 2020<\/time><div class=\"wp-block-latest-posts__post-excerpt\">Mit Magdalena Lema\u0144czyck, der Mitautorin der Publikation &#8222;Die Deutsche Minderheit in der Woiwodschaft Oppeln als Mehrwert&#8220; sprach Joanna Hassa. &#8222;Die Deutsche Minderheit in der Woiwodschaft Oppeln als Mehrwert&#8220; lautet der Titel der Publikationen zu durchgef\u00fchrten soziologischen Forschungen unter Angeh\u00f6rigen der Deutschen Minderheit, deren Mitautorin Ihre Person und Dr. Mariusz Baranowski sind. Worum genau ging es [&hellip;]<\/div><\/li>\n<li><div class=\"wp-block-latest-posts__featured-image alignleft\"><img width=\"150\" height=\"150\" src=\"http:\/\/mnmawartosc.skgd.pl\/news\/wp-content\/uploads\/2021\/02\/0127-150x150.jpg\" class=\"attachment-thumbnail size-thumbnail wp-post-image\" alt=\"\" loading=\"lazy\" style=\"max-width:150px;max-height:150px;\" \/><\/div><a href=\"http:\/\/mnmawartosc.skgd.pl\/news\/de\/2020\/02\/12\/rozmowa-z-konsul-rfn-w-opolu-birgit-fisel-rosle\/\">Gespr\u00e4ch mit Konsulin der BRD in Oppeln, Birgit Fisel-R\u00f6sle<\/a><time datetime=\"2020-02-12T13:39:58+00:00\" class=\"wp-block-latest-posts__post-date\">Mittwoch, der 12. Februar 2020<\/time><div class=\"wp-block-latest-posts__post-excerpt\">Mit Konsulin der BRD in Oppeln, Birgit Fisel-R\u00f6sle sprach Joanna Hassa. Seit 2018 sind Sie Konsulin der Bundesrepublik Deutschland in Oppeln. Welche Erwartungen hatten Sie, als Sie nach Oppeln gekommen sind? Ich hatte im Grunde genommen keine besonderen Erwartungen, vielmehr freute ich mich, wieder in Europa zu leben und arbeiten zu k\u00f6nnen. Was hat Sie [&hellip;]<\/div><\/li>\n<\/ul>","protected":false},"excerpt":{"rendered":"","protected":false},"author":1,"featured_media":5,"parent":0,"menu_order":0,"comment_status":"closed","ping_status":"closed","template":"","meta":[],"_links":{"self":[{"href":"http:\/\/mnmawartosc.skgd.pl\/news\/de\/wp-json\/wp\/v2\/pages\/6"}],"collection":[{"href":"http:\/\/mnmawartosc.skgd.pl\/news\/de\/wp-json\/wp\/v2\/pages"}],"about":[{"href":"http:\/\/mnmawartosc.skgd.pl\/news\/de\/wp-json\/wp\/v2\/types\/page"}],"author":[{"embeddable":true,"href":"http:\/\/mnmawartosc.skgd.pl\/news\/de\/wp-json\/wp\/v2\/users\/1"}],"replies":[{"embeddable":true,"href":"http:\/\/mnmawartosc.skgd.pl\/news\/de\/wp-json\/wp\/v2\/comments?post=6"}],"version-history":[{"count":8,"href":"http:\/\/mnmawartosc.skgd.pl\/news\/de\/wp-json\/wp\/v2\/pages\/6\/revisions"}],"predecessor-version":[{"id":42,"href":"http:\/\/mnmawartosc.skgd.pl\/news\/de\/wp-json\/wp\/v2\/pages\/6\/revisions\/42"}],"wp:featuredmedia":[{"embeddable":true,"href":"http:\/\/mnmawartosc.skgd.pl\/news\/de\/wp-json\/wp\/v2\/media\/5"}],"wp:attachment":[{"href":"http:\/\/mnmawartosc.skgd.pl\/news\/de\/wp-json\/wp\/v2\/media?parent=6"}],"curies":[{"name":"wp","href":"https:\/\/api.w.org\/{rel}","templated":true}]}}